{"id":9,"date":"2019-01-23T06:31:06","date_gmt":"2019-01-23T06:31:06","guid":{"rendered":"https:\/\/kovacsarmoury.com\/home\/"},"modified":"2025-10-09T08:08:04","modified_gmt":"2025-10-09T08:08:04","slug":"home","status":"publish","type":"page","link":"https:\/\/kovacsarmoury.com\/en\/","title":{"rendered":"Home"},"content":{"rendered":"<div data-elementor-type=\"wp-post\" data-elementor-id=\"9\" class=\"elementor elementor-9\" data-elementor-settings=\"[]\">\n\t\t\t\t\t\t\t<div class=\"elementor-section-wrap\">\n\t\t\t\t\t\t\t<section class=\"elementor-section elementor-top-section elementor-element elementor-element-7ae8eb8 elementor-section-height-min-height elementor-section-content-bottom elementor-section-boxed elementor-section-height-default elementor-section-items-middle\" data-id=\"7ae8eb8\" data-element_type=\"section\" data-settings=\"{&quot;background_background&quot;:&quot;classic&quot;}\">\n\t\t\t\t\t\t\t<div class=\"elementor-background-overlay\"><\/div>\n\t\t\t\t\t\t\t<div class=\"elementor-container elementor-column-gap-no\">\n\t\t\t\t\t<div class=\"elementor-column elementor-col-100 elementor-top-column elementor-element elementor-element-e734523\" data-id=\"e734523\" data-element_type=\"column\">\n\t\t\t<div class=\"elementor-widget-wrap elementor-element-populated\">\n\t\t\t\t\t\t\t\t<div class=\"elementor-element elementor-element-be585df elementor-absolute elementor-widget elementor-widget-heading\" data-id=\"be585df\" data-element_type=\"widget\" data-settings=\"{&quot;_position&quot;:&quot;absolute&quot;}\" data-widget_type=\"heading.default\">\n\t\t\t\t<div class=\"elementor-widget-container\">\n\t\t\t<style>\/*! elementor - v3.5.5 - 03-02-2022 *\/\n.elementor-heading-title{padding:0;margin:0;line-height:1}.elementor-widget-heading .elementor-heading-title[class*=elementor-size-]>a{color:inherit;font-size:inherit;line-height:inherit}.elementor-widget-heading .elementor-heading-title.elementor-size-small{font-size:15px}.elementor-widget-heading .elementor-heading-title.elementor-size-medium{font-size:19px}.elementor-widget-heading .elementor-heading-title.elementor-size-large{font-size:29px}.elementor-widget-heading .elementor-heading-title.elementor-size-xl{font-size:39px}.elementor-widget-heading .elementor-heading-title.elementor-size-xxl{font-size:59px}<\/style><h1 class=\"elementor-heading-title elementor-size-small\">Kovacs Armoury<\/h1>\t\t<\/div>\n\t\t\t\t<\/div>\n\t\t\t\t<div class=\"elementor-element elementor-element-59c5d42 elementor-absolute elementor-hidden-mobile elementor-widget elementor-widget-heading\" data-id=\"59c5d42\" data-element_type=\"widget\" data-settings=\"{&quot;_position&quot;:&quot;absolute&quot;}\" data-widget_type=\"heading.default\">\n\t\t\t\t<div class=\"elementor-widget-container\">\n\t\t\t<h2 class=\"elementor-heading-title elementor-size-large\">\"Sport &amp; Tradition\"<\/h2>\t\t<\/div>\n\t\t\t\t<\/div>\n\t\t\t\t\t<\/div>\n\t\t<\/div>\n\t\t\t\t\t\t\t<\/div>\n\t\t<\/section>\n\t\t\t\t<section class=\"elementor-section elementor-top-section elementor-element elementor-element-5370a06 elementor-section-boxed elementor-section-height-default elementor-section-height-default\" data-id=\"5370a06\" data-element_type=\"section\" data-settings=\"{&quot;background_background&quot;:&quot;gradient&quot;}\">\n\t\t\t\t\t\t<div class=\"elementor-container elementor-column-gap-custom\">\n\t\t\t\t\t<div class=\"elementor-column elementor-col-50 elementor-top-column elementor-element elementor-element-9e2351a\" data-id=\"9e2351a\" data-element_type=\"column\" data-settings=\"{&quot;background_background&quot;:&quot;classic&quot;,&quot;animation&quot;:&quot;none&quot;}\">\n\t\t\t<div class=\"elementor-widget-wrap elementor-element-populated\">\n\t\t\t\t\t\t\t\t<div class=\"elementor-element elementor-element-da7ff13 elementor-align-center elementor-widget elementor-widget-button\" data-id=\"da7ff13\" data-element_type=\"widget\" data-widget_type=\"button.default\">\n\t\t\t\t<div class=\"elementor-widget-container\">\n\t\t\t\t\t<div class=\"elementor-button-wrapper\">\n\t\t\t<a href=\"https:\/\/kovacsarmoury.com\/en\/fegyverek\/\" class=\"elementor-button-link elementor-button elementor-size-sm\" role=\"button\">\n\t\t\t\t\t\t<span class=\"elementor-button-content-wrapper\">\n\t\t\t\t\t\t<span class=\"elementor-button-text\">Weapons<\/span>\n\t\t<\/span>\n\t\t\t\t\t<\/a>\n\t\t<\/div>\n\t\t\t\t<\/div>\n\t\t\t\t<\/div>\n\t\t\t\t\t<\/div>\n\t\t<\/div>\n\t\t\t\t<div class=\"elementor-column elementor-col-50 elementor-top-column elementor-element elementor-element-0b6e081\" data-id=\"0b6e081\" data-element_type=\"column\" data-settings=\"{&quot;background_background&quot;:&quot;classic&quot;}\">\n\t\t\t<div class=\"elementor-widget-wrap elementor-element-populated\">\n\t\t\t\t\t\t\t\t<div class=\"elementor-element elementor-element-2363cee elementor-align-center elementor-widget elementor-widget-button\" data-id=\"2363cee\" data-element_type=\"widget\" data-widget_type=\"button.default\">\n\t\t\t\t<div class=\"elementor-widget-container\">\n\t\t\t\t\t<div class=\"elementor-button-wrapper\">\n\t\t\t<a href=\"https:\/\/kovacsarmoury.com\/en\/product-category\/pancelok\/\" class=\"elementor-button-link elementor-button elementor-size-sm\" role=\"button\">\n\t\t\t\t\t\t<span class=\"elementor-button-content-wrapper\">\n\t\t\t\t\t\t<span class=\"elementor-button-text\">Armours<\/span>\n\t\t<\/span>\n\t\t\t\t\t<\/a>\n\t\t<\/div>\n\t\t\t\t<\/div>\n\t\t\t\t<\/div>\n\t\t\t\t\t<\/div>\n\t\t<\/div>\n\t\t\t\t\t\t\t<\/div>\n\t\t<\/section>\n\t\t\t\t<section class=\"elementor-section elementor-top-section elementor-element elementor-element-c979b3e elementor-section-content-top elementor-section-full_width elementor-section-height-default elementor-section-height-default\" data-id=\"c979b3e\" data-element_type=\"section\" data-settings=\"{&quot;background_background&quot;:&quot;classic&quot;}\">\n\t\t\t\t\t\t\t<div class=\"elementor-background-overlay\"><\/div>\n\t\t\t\t\t\t\t<div class=\"elementor-container elementor-column-gap-no\">\n\t\t\t\t\t<div class=\"elementor-column elementor-col-100 elementor-top-column elementor-element elementor-element-ff7825f\" data-id=\"ff7825f\" data-element_type=\"column\">\n\t\t\t<div class=\"elementor-widget-wrap elementor-element-populated\">\n\t\t\t\t\t\t\t\t<div class=\"elementor-element elementor-element-8e9f09d e-transform elementor-widget elementor-widget-image\" data-id=\"8e9f09d\" data-element_type=\"widget\" data-settings=\"{&quot;_transform_translateY_effect&quot;:{&quot;unit&quot;:&quot;px&quot;,&quot;size&quot;:20,&quot;sizes&quot;:[]},&quot;_transform_translateX_effect&quot;:{&quot;unit&quot;:&quot;px&quot;,&quot;size&quot;:&quot;&quot;,&quot;sizes&quot;:[]},&quot;_transform_translateX_effect_tablet&quot;:{&quot;unit&quot;:&quot;px&quot;,&quot;size&quot;:&quot;&quot;,&quot;sizes&quot;:[]},&quot;_transform_translateX_effect_mobile&quot;:{&quot;unit&quot;:&quot;px&quot;,&quot;size&quot;:&quot;&quot;,&quot;sizes&quot;:[]},&quot;_transform_translateY_effect_tablet&quot;:{&quot;unit&quot;:&quot;px&quot;,&quot;size&quot;:&quot;&quot;,&quot;sizes&quot;:[]},&quot;_transform_translateY_effect_mobile&quot;:{&quot;unit&quot;:&quot;px&quot;,&quot;size&quot;:&quot;&quot;,&quot;sizes&quot;:[]}}\" data-widget_type=\"image.default\">\n\t\t\t\t<div class=\"elementor-widget-container\">\n\t\t\t<style>\/*! elementor - v3.5.5 - 03-02-2022 *\/\n.elementor-widget-image{text-align:center}.elementor-widget-image a{display:inline-block}.elementor-widget-image a img[src$=\".svg\"]{width:48px}.elementor-widget-image img{vertical-align:middle;display:inline-block}<\/style>\t\t\t\t\t\t\t\t\t\t\t\t<img loading=\"lazy\" decoding=\"async\" width=\"300\" height=\"53\" src=\"https:\/\/kovacsarmoury.com\/wp-content\/uploads\/2022\/01\/vizjel-nagy-01-1-1-300x53.png\" class=\"attachment-medium size-medium\" alt=\"\" srcset=\"https:\/\/kovacsarmoury.com\/wp-content\/uploads\/2022\/01\/vizjel-nagy-01-1-1-300x53.png 300w, https:\/\/kovacsarmoury.com\/wp-content\/uploads\/2022\/01\/vizjel-nagy-01-1-1-600x106.png 600w, https:\/\/kovacsarmoury.com\/wp-content\/uploads\/2022\/01\/vizjel-nagy-01-1-1-1024x181.png 1024w, https:\/\/kovacsarmoury.com\/wp-content\/uploads\/2022\/01\/vizjel-nagy-01-1-1-768x136.png 768w, https:\/\/kovacsarmoury.com\/wp-content\/uploads\/2022\/01\/vizjel-nagy-01-1-1-1536x271.png 1536w, https:\/\/kovacsarmoury.com\/wp-content\/uploads\/2022\/01\/vizjel-nagy-01-1-1-2048x362.png 2048w, https:\/\/kovacsarmoury.com\/wp-content\/uploads\/2022\/01\/vizjel-nagy-01-1-1-18x3.png 18w\" sizes=\"auto, (max-width: 300px) 100vw, 300px\" title=\"\">\t\t\t\t\t\t\t\t\t\t\t\t\t\t\t<\/div>\n\t\t\t\t<\/div>\n\t\t\t\t<div class=\"elementor-element elementor-element-1bd5965 elementor-widget elementor-widget-heading\" data-id=\"1bd5965\" data-element_type=\"widget\" data-widget_type=\"heading.default\">\n\t\t\t\t<div class=\"elementor-widget-container\">\n\t\t\t<h2 class=\"elementor-heading-title elementor-size-large\">New Products<\/h2>\t\t<\/div>\n\t\t\t\t<\/div>\n\t\t\t\t<div class=\"elementor-element elementor-element-5ab596c elementor-widget elementor-widget-shortcode\" data-id=\"5ab596c\" data-element_type=\"widget\" data-widget_type=\"shortcode.default\">\n\t\t\t\t<div class=\"elementor-widget-container\">\n\t\t\t\t\t<div class=\"elementor-shortcode\"><div class=\"woocommerce columns-4\"><ul class=\"products columns-4\">\n<li class=\"product type-product post-4451 status-publish first instock product_cat-szamszerijak has-post-thumbnail taxable shipping-taxable purchasable product-type-simple\">\n\t<\/li>\n<li class=\"product type-product post-4364 status-publish instock product_cat-pancelok has-post-thumbnail taxable shipping-taxable purchasable product-type-simple\">\n\t<\/li>\n<li class=\"product type-product post-4356 status-publish instock product_cat-pancelok has-post-thumbnail taxable shipping-taxable purchasable product-type-simple\">\n\t<\/li>\n<li class=\"product type-product post-4309 status-publish last instock product_cat-haditorna-fegyverek product_cat-egykezes-kardok product_cat-tokok has-post-thumbnail taxable shipping-taxable purchasable product-type-variable\">\n\t<\/li>\n<\/ul>\n<\/div><\/div>\n\t\t\t\t<\/div>\n\t\t\t\t<\/div>\n\t\t\t\t\t<\/div>\n\t\t<\/div>\n\t\t\t\t\t\t\t<\/div>\n\t\t<\/section>\n\t\t\t\t<section class=\"elementor-section elementor-top-section elementor-element elementor-element-5307f72 elementor-section-full_width elementor-section-height-default elementor-section-height-default\" data-id=\"5307f72\" data-element_type=\"section\" data-settings=\"{&quot;background_background&quot;:&quot;classic&quot;}\">\n\t\t\t\t\t\t\t<div class=\"elementor-background-overlay\"><\/div>\n\t\t\t\t\t\t\t<div class=\"elementor-container elementor-column-gap-default\">\n\t\t\t\t\t<div class=\"elementor-column elementor-col-50 elementor-top-column elementor-element elementor-element-325eb1c\" data-id=\"325eb1c\" data-element_type=\"column\">\n\t\t\t<div class=\"elementor-widget-wrap elementor-element-populated\">\n\t\t\t\t\t\t\t\t<div class=\"elementor-element elementor-element-6ceb852 elementor-widget elementor-widget-text-editor\" data-id=\"6ceb852\" data-element_type=\"widget\" data-widget_type=\"text-editor.default\">\n\t\t\t\t<div class=\"elementor-widget-container\">\n\t\t\t<style>\/*! elementor - v3.5.5 - 03-02-2022 *\/\n.elementor-widget-text-editor.elementor-drop-cap-view-stacked .elementor-drop-cap{background-color:#818a91;color:#fff}.elementor-widget-text-editor.elementor-drop-cap-view-framed .elementor-drop-cap{color:#818a91;border:3px solid;background-color:transparent}.elementor-widget-text-editor:not(.elementor-drop-cap-view-default) .elementor-drop-cap{margin-top:8px}.elementor-widget-text-editor:not(.elementor-drop-cap-view-default) .elementor-drop-cap-letter{width:1em;height:1em}.elementor-widget-text-editor .elementor-drop-cap{float:left;text-align:center;line-height:1;font-size:50px}.elementor-widget-text-editor .elementor-drop-cap-letter{display:inline-block}<\/style>\t\t\t\t<p align=\"CENTER\"><span style=\"font-size: x-large;\"><b>Disassembled swords<\/b><\/span><\/p><p align=\"LEFT\"><strong><span style=\"font-size: medium;\">What makes a sword good?<\/span><\/strong><\/p><p align=\"LEFT\"><span style=\"font-size: medium;\">Not that it won\u2019t break. Unbreakable swords do not exist. The good weapon has a handy shape and design and it is useful in the combat task for which the weapon was made. During every attack and perry the weapon suffers more or less damage so it is important that everybody could be able to repair their swords without any significant skills.<\/span><\/p><p align=\"LEFT\"><span style=\"font-size: medium;\">There are many kinds of swords that can be disassemble, although mine are different. I developed a unique system in which there are no welded blades and visible screwheads. Thanks to it my weapons can have strong, durable and in every aspect historically authentic shape. Every weapon which has a hammer icon signed picture belongs to the system.<\/span><\/p>\t\t\t\t\t\t<\/div>\n\t\t\t\t<\/div>\n\t\t\t\t\t<\/div>\n\t\t<\/div>\n\t\t\t\t<div class=\"elementor-column elementor-col-50 elementor-top-column elementor-element elementor-element-2803c49\" data-id=\"2803c49\" data-element_type=\"column\">\n\t\t\t<div class=\"elementor-widget-wrap\">\n\t\t\t\t\t\t\t\t\t<\/div>\n\t\t<\/div>\n\t\t\t\t\t\t\t<\/div>\n\t\t<\/section>\n\t\t\t\t<section class=\"elementor-section elementor-top-section elementor-element elementor-element-50246ca elementor-section-boxed elementor-section-height-default elementor-section-height-default\" data-id=\"50246ca\" data-element_type=\"section\">\n\t\t\t\t\t\t<div class=\"elementor-container elementor-column-gap-default\">\n\t\t\t\t\t<div class=\"elementor-column elementor-col-100 elementor-top-column elementor-element elementor-element-2bec91b\" data-id=\"2bec91b\" data-element_type=\"column\">\n\t\t\t<div class=\"elementor-widget-wrap elementor-element-populated\">\n\t\t\t\t\t\t\t\t<div class=\"elementor-element elementor-element-f76a423 elementor-absolute elementor-widget elementor-widget-image\" data-id=\"f76a423\" data-element_type=\"widget\" data-settings=\"{&quot;_position&quot;:&quot;absolute&quot;}\" data-widget_type=\"image.default\">\n\t\t\t\t<div class=\"elementor-widget-container\">\n\t\t\t\t\t\t\t\t\t\t\t\t\t\t\t<img loading=\"lazy\" decoding=\"async\" width=\"300\" height=\"53\" src=\"https:\/\/kovacsarmoury.com\/wp-content\/uploads\/2022\/01\/vizjel-nagy-01-1-2-300x53.png\" class=\"attachment-medium size-medium\" alt=\"\" srcset=\"https:\/\/kovacsarmoury.com\/wp-content\/uploads\/2022\/01\/vizjel-nagy-01-1-2-300x53.png 300w, https:\/\/kovacsarmoury.com\/wp-content\/uploads\/2022\/01\/vizjel-nagy-01-1-2-600x106.png 600w, https:\/\/kovacsarmoury.com\/wp-content\/uploads\/2022\/01\/vizjel-nagy-01-1-2-1024x181.png 1024w, https:\/\/kovacsarmoury.com\/wp-content\/uploads\/2022\/01\/vizjel-nagy-01-1-2-768x136.png 768w, https:\/\/kovacsarmoury.com\/wp-content\/uploads\/2022\/01\/vizjel-nagy-01-1-2-1536x271.png 1536w, https:\/\/kovacsarmoury.com\/wp-content\/uploads\/2022\/01\/vizjel-nagy-01-1-2-2048x362.png 2048w, https:\/\/kovacsarmoury.com\/wp-content\/uploads\/2022\/01\/vizjel-nagy-01-1-2-18x3.png 18w\" sizes=\"auto, (max-width: 300px) 100vw, 300px\" title=\"\">\t\t\t\t\t\t\t\t\t\t\t\t\t\t\t<\/div>\n\t\t\t\t<\/div>\n\t\t\t\t\t<\/div>\n\t\t<\/div>\n\t\t\t\t\t\t\t<\/div>\n\t\t<\/section>\n\t\t\t\t\t\t<\/div>\n\t\t\t\t\t<\/div>","protected":false},"excerpt":{"rendered":"<p>Kov\u00e1cs Armoury &#8222;Sport \u00e9s hagyom\u00e1ny&#8221; Fegyverek P\u00e1nc\u00e9lok Leg\u00fajabb Term\u00e9kek Szerelhet\u0151 Kardok Mit\u0151l j\u00f3 egy kard ? Nem att\u00f3l , hogy sosem t\u00f6rik el, \u00f6r\u00f6k \u00e9let\u0171 kard nincsen . Att\u00f3l lesz j\u00f3, hogy kialak\u00edt\u00e1s\u00e1ban \u00e9s haszn\u00e1lhat\u00f3s\u00e1g\u00e1ban megfeleljen arra a harci feladatra amire k\u00e9sz\u00fclt. Minden v\u00e1g\u00e1s \u00e9s h\u00e1r\u00edt\u00e1s sor\u00e1n s\u00e9r\u00fcl a fegyver\u00fcnk ez\u00e9rt fontos , hogy jav\u00edtani &hellip;<\/p>\n<p class=\"read-more\"> <a class=\"\" href=\"https:\/\/kovacsarmoury.com\/en\/\"> <span class=\"screen-reader-text\">Home<\/span> Read More &raquo;<\/a><\/p>","protected":false},"author":1,"featured_media":0,"parent":0,"menu_order":0,"comment_status":"closed","ping_status":"closed","template":"","meta":{"footnotes":""},"class_list":["post-9","page","type-page","status-publish","hentry"],"jetpack_sharing_enabled":true,"_links":{"self":[{"href":"https:\/\/kovacsarmoury.com\/en\/wp-json\/wp\/v2\/pages\/9","targetHints":{"allow":["GET"]}}],"collection":[{"href":"https:\/\/kovacsarmoury.com\/en\/wp-json\/wp\/v2\/pages"}],"about":[{"href":"https:\/\/kovacsarmoury.com\/en\/wp-json\/wp\/v2\/types\/page"}],"author":[{"embeddable":true,"href":"https:\/\/kovacsarmoury.com\/en\/wp-json\/wp\/v2\/users\/1"}],"replies":[{"embeddable":true,"href":"https:\/\/kovacsarmoury.com\/en\/wp-json\/wp\/v2\/comments?post=9"}],"version-history":[{"count":508,"href":"https:\/\/kovacsarmoury.com\/en\/wp-json\/wp\/v2\/pages\/9\/revisions"}],"predecessor-version":[{"id":4520,"href":"https:\/\/kovacsarmoury.com\/en\/wp-json\/wp\/v2\/pages\/9\/revisions\/4520"}],"wp:attachment":[{"href":"https:\/\/kovacsarmoury.com\/en\/wp-json\/wp\/v2\/media?parent=9"}],"curies":[{"name":"wp","href":"https:\/\/api.w.org\/{rel}","templated":true}]}}